{"id":3602,"date":"2021-08-24T17:20:07","date_gmt":"2021-08-24T17:20:07","guid":{"rendered":"https:\/\/dlacontigo.com\/?page_id=3602"},"modified":"2025-07-30T16:54:42","modified_gmt":"2025-07-30T21:54:42","slug":"pago-en-linea-dla-asesoria-contable","status":"publish","type":"page","link":"https:\/\/dlacontigo.com\/?page_id=3602","title":{"rendered":"Pago en l\u00ednea DLA"},"content":{"rendered":"\t\t<div data-elementor-type=\"wp-page\" data-elementor-id=\"3602\" class=\"elementor elementor-3602\">\n\t\t\t\t\t\t<section class=\"elementor-section elementor-top-section elementor-element elementor-element-cd48022 elementor-section-boxed elementor-section-height-default elementor-section-height-default\" data-id=\"cd48022\" data-element_type=\"section\">\n\t\t\t\t\t\t<div class=\"elementor-container elementor-column-gap-default\">\n\t\t\t\t\t<div class=\"elementor-column elementor-col-100 elementor-top-column elementor-element elementor-element-a42529d\" data-id=\"a42529d\" data-element_type=\"column\">\n\t\t\t<div class=\"elementor-widget-wrap elementor-element-populated\">\n\t\t\t\t\t\t<div class=\"elementor-element elementor-element-8026fdd elementor-widget elementor-widget-text-editor\" data-id=\"8026fdd\" data-element_type=\"widget\" data-widget_type=\"text-editor.default\">\n\t\t\t\t<div class=\"elementor-widget-container\">\n\t\t\t\t\t\t\t\t\t<p>Hola, bienvenido a la p\u00e1gina de pagos de DLA TAX + CONSULTING.<\/p><p>A continuaci\u00f3n encontrar\u00e1s los medios de pago en l\u00ednea para pagar nuestros servicios. Las diferentes opciones incluyen pago por PSE, tarjeta debito cr\u00e9dito, pago en efectivo por diversos canales en Colombia como Efecty, Redservi, Baloto, Daviplata, entre otros.<\/p>\t\t\t\t\t\t\t\t<\/div>\n\t\t\t\t<\/div>\n\t\t\t\t<div class=\"elementor-element elementor-element-791f185 elementor-widget-divider--view-line elementor-widget elementor-widget-divider\" data-id=\"791f185\" data-element_type=\"widget\" data-widget_type=\"divider.default\">\n\t\t\t\t<div class=\"elementor-widget-container\">\n\t\t\t\t\t\t\t<div class=\"elementor-divider\">\n\t\t\t<span class=\"elementor-divider-separator\">\n\t\t\t\t\t\t<\/span>\n\t\t<\/div>\n\t\t\t\t\t\t<\/div>\n\t\t\t\t<\/div>\n\t\t\t\t\t<\/div>\n\t\t<\/div>\n\t\t\t\t\t<\/div>\n\t\t<\/section>\n\t\t\t\t<section class=\"elementor-section elementor-top-section elementor-element elementor-element-a20a750 elementor-section-boxed elementor-section-height-default elementor-section-height-default\" data-id=\"a20a750\" data-element_type=\"section\">\n\t\t\t\t\t\t<div class=\"elementor-container elementor-column-gap-default\">\n\t\t\t\t\t<div class=\"elementor-column elementor-col-50 elementor-top-column elementor-element elementor-element-46f17ec\" data-id=\"46f17ec\" data-element_type=\"column\">\n\t\t\t<div class=\"elementor-widget-wrap elementor-element-populated\">\n\t\t\t\t\t\t<div class=\"elementor-element elementor-element-ea162c8 elementor-widget elementor-widget-heading\" data-id=\"ea162c8\" data-element_type=\"widget\" data-widget_type=\"heading.default\">\n\t\t\t\t<div class=\"elementor-widget-container\">\n\t\t\t\t\t<h2 class=\"elementor-heading-title elementor-size-default\">1.   Pago honorarios <b>(cualquier monto)<\/b><\/h2>\t\t\t\t<\/div>\n\t\t\t\t<\/div>\n\t\t\t\t\t<\/div>\n\t\t<\/div>\n\t\t\t\t<div class=\"elementor-column elementor-col-50 elementor-top-column elementor-element elementor-element-efd2281\" data-id=\"efd2281\" data-element_type=\"column\">\n\t\t\t<div class=\"elementor-widget-wrap elementor-element-populated\">\n\t\t\t\t\t\t<div class=\"elementor-element elementor-element-5831aeb elementor-widget elementor-widget-html\" data-id=\"5831aeb\" data-element_type=\"widget\" data-widget_type=\"html.default\">\n\t\t\t\t<div class=\"elementor-widget-container\">\n\t\t\t\t\t<!-- =====================================================================\r\n  \/\/\/\/\/\/\/\/\/\/\/   Este es su bot\u00f3n de Pago Abierto ePayco   \/\/\/\/\/\/\/\/\/\/\/\r\n ===================================================================== -->\r\n<form id=\"frm_ePaycoCheckoutOpen\" \r\n      name=\"frm_ePaycoCheckoutOpen\" \r\n      method=\"POST\" \r\n      action=\"https:\/\/secure.payco.co\/checkoutopen.php\">\r\n    \r\n      <input name=\"p_cust_id_cliente\" type=\"hidden\" value=\"533201\"\/>\r\n      <input name=\"p_key\" type=\"hidden\" value=\"f4ea8f33b6fc9b59f461216fde5d8eaf70f5070c\"\/>\r\n      <input name=\"p_id_factura\" type=\"hidden\" value=\"\"\/>\r\n      <input name=\"p_description\" type=\"hidden\" value=\"Pago honorarios  cualquier monto\"\/>\r\n      <input name=\"p_detalle\" type=\"hidden\" value=\"Pago honorarios  cualquier monto\"\/>\r\n      <input name=\"p_referencia\" type=\"hidden\" value=\"EPCO00\"\/>\r\n      <input name=\"p_test_request\" type=\"hidden\" value=\"false\"\/>\r\n      <input name=\"p_url_respuesta\" type=\"hidden\" value=\"https:\/\/dlacontigo.com\/?page_id=2351\"\/>\r\n      <input name=\"p_url_confirmacion\" type=\"hidden\" value=\"\"\/>\r\n      <input type=\"image\" id=\"imagen\" src=\"https:\/\/multimedia.epayco.co\/dashboard\/btns\/btn5.png\" alt=\"\"\/>\r\n      <input type=\"hidden\" id=\"idboton\" name=\"idboton\" value=\"bb84b2d5-a9ec-4081-9d10-7f84a10b396c\"\/>\r\n                        \r\n<\/form> <!-- ================================================================== -->\t\t\t\t<\/div>\n\t\t\t\t<\/div>\n\t\t\t\t\t<\/div>\n\t\t<\/div>\n\t\t\t\t\t<\/div>\n\t\t<\/section>\n\t\t\t\t<section class=\"elementor-section elementor-top-section elementor-element elementor-element-c14c57d elementor-section-boxed elementor-section-height-default elementor-section-height-default\" data-id=\"c14c57d\" data-element_type=\"section\">\n\t\t\t\t\t\t<div class=\"elementor-container elementor-column-gap-default\">\n\t\t\t\t\t<div class=\"elementor-column elementor-col-100 elementor-top-column elementor-element elementor-element-194dbe8\" data-id=\"194dbe8\" data-element_type=\"column\">\n\t\t\t<div class=\"elementor-widget-wrap elementor-element-populated\">\n\t\t\t\t\t\t<div class=\"elementor-element elementor-element-1dba5b8 elementor-widget-divider--view-line elementor-widget elementor-widget-divider\" data-id=\"1dba5b8\" data-element_type=\"widget\" data-widget_type=\"divider.default\">\n\t\t\t\t<div class=\"elementor-widget-container\">\n\t\t\t\t\t\t\t<div class=\"elementor-divider\">\n\t\t\t<span class=\"elementor-divider-separator\">\n\t\t\t\t\t\t<\/span>\n\t\t<\/div>\n\t\t\t\t\t\t<\/div>\n\t\t\t\t<\/div>\n\t\t\t\t\t<\/div>\n\t\t<\/div>\n\t\t\t\t\t<\/div>\n\t\t<\/section>\n\t\t\t\t<\/div>\n\t\t","protected":false},"excerpt":{"rendered":"<p>Hola, bienvenido a la p\u00e1gina de pagos de DLA TAX + CONSULTING. A continuaci\u00f3n encontrar\u00e1s los medios de pago en l\u00ednea para pagar nuestros servicios. Las diferentes opciones incluyen pago por PSE, tarjeta debito cr\u00e9dito, pago en efectivo por diversos canales en Colombia como Efecty, Redservi, Baloto, Daviplata, entre otros. 1. Pago honorarios (cualquier monto)<\/p>\n","protected":false},"author":1,"featured_media":0,"parent":0,"menu_order":0,"comment_status":"closed","ping_status":"closed","template":"","meta":{"om_disable_all_campaigns":false,"_monsterinsights_skip_tracking":false,"_monsterinsights_sitenote_active":false,"_monsterinsights_sitenote_note":"","_monsterinsights_sitenote_category":0,"footnotes":""},"class_list":["post-3602","page","type-page","status-publish","hentry"],"aioseo_notices":[],"jetpack_sharing_enabled":true,"_links":{"self":[{"href":"https:\/\/dlacontigo.com\/index.php?rest_route=\/wp\/v2\/pages\/3602","targetHints":{"allow":["GET"]}}],"collection":[{"href":"https:\/\/dlacontigo.com\/index.php?rest_route=\/wp\/v2\/pages"}],"about":[{"href":"https:\/\/dlacontigo.com\/index.php?rest_route=\/wp\/v2\/types\/page"}],"author":[{"embeddable":true,"href":"https:\/\/dlacontigo.com\/index.php?rest_route=\/wp\/v2\/users\/1"}],"replies":[{"embeddable":true,"href":"https:\/\/dlacontigo.com\/index.php?rest_route=%2Fwp%2Fv2%2Fcomments&post=3602"}],"version-history":[{"count":5,"href":"https:\/\/dlacontigo.com\/index.php?rest_route=\/wp\/v2\/pages\/3602\/revisions"}],"predecessor-version":[{"id":4089,"href":"https:\/\/dlacontigo.com\/index.php?rest_route=\/wp\/v2\/pages\/3602\/revisions\/4089"}],"wp:attachment":[{"href":"https:\/\/dlacontigo.com\/index.php?rest_route=%2Fwp%2Fv2%2Fmedia&parent=3602"}],"curies":[{"name":"wp","href":"https:\/\/api.w.org\/{rel}","templated":true}]}}