{"id":2351,"date":"2020-12-03T04:32:44","date_gmt":"2020-12-03T04:32:44","guid":{"rendered":"https:\/\/musca.hbtheme.com\/seo-marketing\/?page_id=2351"},"modified":"2023-01-10T21:08:39","modified_gmt":"2023-01-10T21:08:39","slug":"nuestra-compania","status":"publish","type":"page","link":"https:\/\/dlacontigo.com\/?page_id=2351","title":{"rendered":"Nuestra compa\u00f1\u00eda"},"content":{"rendered":"\t\t<div data-elementor-type=\"wp-page\" data-elementor-id=\"2351\" class=\"elementor elementor-2351\">\n\t\t\t\t\t\t<section class=\"elementor-section elementor-top-section elementor-element elementor-element-b03d19f elementor-section-bootstrap elementor-section-height-default elementor-section-height-default\" data-id=\"b03d19f\" data-element_type=\"section\">\n\t\t\t\t\t\t<div class=\"elementor-container elementor-column-gap-bootstrap\">\n\t\t\t\t\t<div class=\"elementor-column elementor-col-50 elementor-top-column elementor-element elementor-element-8ccad67\" data-id=\"8ccad67\" data-element_type=\"column\">\n\t\t\t<div class=\"elementor-widget-wrap elementor-element-populated\">\n\t\t\t\t\t\t<div class=\"elementor-element elementor-element-38bb300 elementor-widget elementor-widget-hb-single-image\" data-id=\"38bb300\" data-element_type=\"widget\" data-widget_type=\"hb-single-image.default\">\n\t\t\t\t<div class=\"elementor-widget-container\">\n\t\t\t\t\t<div class=\"anime anime-fadeleft\" data-anime=\"{&quot;type&quot;:&quot;single&quot;,&quot;loopStart&quot;:false,&quot;effect&quot;:&quot;fadeLeft&quot;,&quot;delay&quot;:50,&quot;easing&quot;:&quot;&quot;,&quot;duration&quot;:&quot;&quot;}\"><a class=\"hb-image -d-block\"><img fetchpriority=\"high\" decoding=\"async\" width=\"1024\" height=\"1024\" src=\"https:\/\/i0.wp.com\/dlacontigo.com\/wp-content\/uploads\/2021\/05\/DLA-Web1-33-1.png?fit=1024%2C1024&amp;ssl=1\" class=\"attachment-large size-large wp-image-3077\" alt=\"\" srcset=\"https:\/\/i0.wp.com\/dlacontigo.com\/wp-content\/uploads\/2021\/05\/DLA-Web1-33-1.png?w=2092&amp;ssl=1 2092w, https:\/\/i0.wp.com\/dlacontigo.com\/wp-content\/uploads\/2021\/05\/DLA-Web1-33-1.png?resize=300%2C300&amp;ssl=1 300w, https:\/\/i0.wp.com\/dlacontigo.com\/wp-content\/uploads\/2021\/05\/DLA-Web1-33-1.png?resize=1024%2C1024&amp;ssl=1 1024w, https:\/\/i0.wp.com\/dlacontigo.com\/wp-content\/uploads\/2021\/05\/DLA-Web1-33-1.png?resize=150%2C150&amp;ssl=1 150w, https:\/\/i0.wp.com\/dlacontigo.com\/wp-content\/uploads\/2021\/05\/DLA-Web1-33-1.png?resize=1536%2C1536&amp;ssl=1 1536w\" sizes=\"(max-width: 1024px) 100vw, 1024px\" \/><\/a><\/div>\t\t\t\t<\/div>\n\t\t\t\t<\/div>\n\t\t\t\t\t<\/div>\n\t\t<\/div>\n\t\t\t\t<div class=\"elementor-column elementor-col-50 elementor-top-column elementor-element elementor-element-da41a8d\" data-id=\"da41a8d\" data-element_type=\"column\">\n\t\t\t<div class=\"elementor-widget-wrap elementor-element-populated\">\n\t\t\t\t\t\t<div class=\"elementor-element elementor-element-e53a4e0 elementor-widget__width-initial elementor-widget elementor-widget-hb-heading\" data-id=\"e53a4e0\" data-element_type=\"widget\" data-widget_type=\"hb-heading.default\">\n\t\t\t\t<div class=\"elementor-widget-container\">\n\t\t\t\t\t<div class=\"anime anime-faderight\" data-anime=\"{&quot;type&quot;:&quot;single&quot;,&quot;loopStart&quot;:false,&quot;effect&quot;:&quot;fadeRight&quot;,&quot;delay&quot;:300,&quot;easing&quot;:&quot;&quot;,&quot;duration&quot;:&quot;&quot;}\"><div class=\"hb-heading hb-heading-s1 -pos-relative -left\">\n\n    \n            <h3 class=\"hb-heading__sub-title c-primary -mb-15\">Sobre nosotros<\/h3>\n    \n            <h2 class=\"hb-heading__title -mb-20\">Misi\u00f3n<\/h2>\n    \n    \n<\/div><\/div>\t\t\t\t<\/div>\n\t\t\t\t<\/div>\n\t\t\t\t<div class=\"elementor-element elementor-element-d95cbc6 elementor-widget elementor-widget-text-editor\" data-id=\"d95cbc6\" data-element_type=\"widget\" data-widget_type=\"text-editor.default\">\n\t\t\t\t<div class=\"elementor-widget-container\">\n\t\t\t\t\t\t\t\t\t<p>En DLA TAX + CONSULTING:<\/p><p>Ofrecemos <strong>asesor\u00eda<\/strong> integral en temas contables, administrativos, tributarios, financieros, de optimizaci\u00f3n de negocios, etc., para que nuestros clientes logren mejores resultados. Nos interesa que nuestro cliente entienda sus finanzas y tome decisiones basadas en indicadores.<\/p>\t\t\t\t\t\t\t\t<\/div>\n\t\t\t\t<\/div>\n\t\t\t\t<div class=\"elementor-element elementor-element-e0ff151 elementor-widget elementor-widget-text-editor\" data-id=\"e0ff151\" data-element_type=\"widget\" data-widget_type=\"text-editor.default\">\n\t\t\t\t<div class=\"elementor-widget-container\">\n\t\t\t\t\t\t\t\t\t<p>Nos sentamos con el cliente identificamos puntos cr\u00edticos d\u00f3nde podamos trabajar y les ofrecemos alternativas para solucionar esas <strong>necesidades de crecimiento<\/strong> que tienen.<\/p>\t\t\t\t\t\t\t\t<\/div>\n\t\t\t\t<\/div>\n\t\t\t\t<div class=\"elementor-element elementor-element-5f6e2d3 elementor-widget elementor-widget-text-editor\" data-id=\"5f6e2d3\" data-element_type=\"widget\" data-widget_type=\"text-editor.default\">\n\t\t\t\t<div class=\"elementor-widget-container\">\n\t\t\t\t\t\t\t\t\t<p>Nos preocupamos por estar a la <strong>vanguardia<\/strong> para poder ofrecer soluciones innovadoras y con apego a la \u00e9tica y a la normatividad vigente.<\/p>\t\t\t\t\t\t\t\t<\/div>\n\t\t\t\t<\/div>\n\t\t\t\t<div class=\"elementor-element elementor-element-a7cb6be elementor-widget elementor-widget-text-editor\" data-id=\"a7cb6be\" data-element_type=\"widget\" data-widget_type=\"text-editor.default\">\n\t\t\t\t<div class=\"elementor-widget-container\">\n\t\t\t\t\t\t\t\t\t<p>Somos los <strong>aliados<\/strong> de las empresas para que superen los retos que ha generado la pandemia del COVID-19.<\/p>\t\t\t\t\t\t\t\t<\/div>\n\t\t\t\t<\/div>\n\t\t\t\t<div class=\"elementor-element elementor-element-1df22de elementor-widget elementor-widget-hb-button\" data-id=\"1df22de\" data-element_type=\"widget\" data-widget_type=\"hb-button.default\">\n\t\t\t\t<div class=\"elementor-widget-container\">\n\t\t\t\t\t<div class=\"anime anime-faderight\" data-anime=\"{&quot;type&quot;:&quot;single&quot;,&quot;loopStart&quot;:false,&quot;effect&quot;:&quot;fadeRight&quot;,&quot;delay&quot;:100,&quot;easing&quot;:&quot;&quot;,&quot;duration&quot;:&quot;&quot;}\">\n        <div class=\"-btn-wrap\">\n\n            <a href=\"https:\/\/wa.me\/573246464133\" class=\"-btn -btn--large -btn--primary -btn--hover-primary -btn--circle -icon-right\" target=\"_self\">\n\n                \n                                    <span>Quiero ser asesorado por DLA<\/span>\n                \n                <i class=\"-d-inline-flex -vertical-center -horizontal-center arrow_right\"><\/i>            <\/a>\n\n        <\/div>\n\n        <\/div>\t\t\t\t<\/div>\n\t\t\t\t<\/div>\n\t\t\t\t\t<\/div>\n\t\t<\/div>\n\t\t\t\t\t<\/div>\n\t\t<\/section>\n\t\t\t\t<section class=\"elementor-section elementor-top-section elementor-element elementor-element-b700175 elementor-section-bootstrap elementor-section-height-default elementor-section-height-default\" data-id=\"b700175\" data-element_type=\"section\">\n\t\t\t\t\t\t<div class=\"elementor-container elementor-column-gap-bootstrap\">\n\t\t\t\t\t<div class=\"elementor-column elementor-col-50 elementor-top-column elementor-element elementor-element-437e225\" data-id=\"437e225\" data-element_type=\"column\">\n\t\t\t<div class=\"elementor-widget-wrap elementor-element-populated\">\n\t\t\t\t\t\t<div class=\"elementor-element elementor-element-f507016 elementor-widget__width-initial elementor-widget elementor-widget-hb-heading\" data-id=\"f507016\" data-element_type=\"widget\" data-widget_type=\"hb-heading.default\">\n\t\t\t\t<div class=\"elementor-widget-container\">\n\t\t\t\t\t<div class=\"anime anime-faderight\" data-anime=\"{&quot;type&quot;:&quot;single&quot;,&quot;loopStart&quot;:false,&quot;effect&quot;:&quot;fadeRight&quot;,&quot;delay&quot;:300,&quot;easing&quot;:&quot;&quot;,&quot;duration&quot;:&quot;&quot;}\"><div class=\"hb-heading hb-heading-s1 -pos-relative -left\">\n\n    \n            <h3 class=\"hb-heading__sub-title c-primary -mb-15\">Sobre nosotros<\/h3>\n    \n            <h2 class=\"hb-heading__title -mb-20\">Visi\u00f3n<\/h2>\n    \n    \n<\/div><\/div>\t\t\t\t<\/div>\n\t\t\t\t<\/div>\n\t\t\t\t<div class=\"elementor-element elementor-element-6a4d93b elementor-widget elementor-widget-text-editor\" data-id=\"6a4d93b\" data-element_type=\"widget\" data-widget_type=\"text-editor.default\">\n\t\t\t\t<div class=\"elementor-widget-container\">\n\t\t\t\t\t\t\t\t\t<p>Para 2025 ser una empresa consolidada en el sector contable caracteriz\u00e1ndonos por la innovaci\u00f3n y excelente servicio que ofrecemos. Deber\u00edamos apoyar m\u00e1s de 100 empresas y 1000 personas naturales en sus procesos contables y tributarios.<\/p>\t\t\t\t\t\t\t\t<\/div>\n\t\t\t\t<\/div>\n\t\t\t\t<div class=\"elementor-element elementor-element-1826bee elementor-widget elementor-widget-hb-button\" data-id=\"1826bee\" data-element_type=\"widget\" data-widget_type=\"hb-button.default\">\n\t\t\t\t<div class=\"elementor-widget-container\">\n\t\t\t\t\t<div class=\"anime anime-faderight\" data-anime=\"{&quot;type&quot;:&quot;single&quot;,&quot;loopStart&quot;:false,&quot;effect&quot;:&quot;fadeRight&quot;,&quot;delay&quot;:100,&quot;easing&quot;:&quot;&quot;,&quot;duration&quot;:&quot;&quot;}\">\n        <div class=\"-btn-wrap\">\n\n            <a href=\"https:\/\/wa.me\/573246464133\" class=\"-btn -btn--large -btn--primary -btn--hover-primary -btn--circle -icon-right\" target=\"_self\">\n\n                \n                                    <span>Quiero ser asesorado por DLA<\/span>\n                \n                <i class=\"-d-inline-flex -vertical-center -horizontal-center arrow_right\"><\/i>            <\/a>\n\n        <\/div>\n\n        <\/div>\t\t\t\t<\/div>\n\t\t\t\t<\/div>\n\t\t\t\t\t<\/div>\n\t\t<\/div>\n\t\t\t\t<div class=\"elementor-column elementor-col-50 elementor-top-column elementor-element elementor-element-e24451e\" data-id=\"e24451e\" data-element_type=\"column\">\n\t\t\t<div class=\"elementor-widget-wrap elementor-element-populated\">\n\t\t\t\t\t\t<div class=\"elementor-element elementor-element-f678603 elementor-widget__width-initial elementor-widget elementor-widget-hb-heading\" data-id=\"f678603\" data-element_type=\"widget\" data-widget_type=\"hb-heading.default\">\n\t\t\t\t<div class=\"elementor-widget-container\">\n\t\t\t\t\t<div class=\"anime anime-faderight\" data-anime=\"{&quot;type&quot;:&quot;single&quot;,&quot;loopStart&quot;:false,&quot;effect&quot;:&quot;fadeRight&quot;,&quot;delay&quot;:300,&quot;easing&quot;:&quot;&quot;,&quot;duration&quot;:&quot;&quot;}\"><div class=\"hb-heading hb-heading-s1 -pos-relative -left\">\n\n    \n            <h3 class=\"hb-heading__sub-title c-primary -mb-15\">Garant\u00eda<\/h3>\n    \n            <h2 class=\"hb-heading__title -mb-20\">Garant\u00eda de servicio<\/h2>\n    \n    \n<\/div><\/div>\t\t\t\t<\/div>\n\t\t\t\t<\/div>\n\t\t\t\t<div class=\"elementor-element elementor-element-e189abe elementor-widget elementor-widget-text-editor\" data-id=\"e189abe\" data-element_type=\"widget\" data-widget_type=\"text-editor.default\">\n\t\t\t\t<div class=\"elementor-widget-container\">\n\t\t\t\t\t\t\t\t\t<p>En DLA TAX +<\/p><p>Nuestro trabajo comienza por transformar la interacci\u00f3n y las herramientas de nuestros clientes, llev\u00e1ndolos al uso de la nube y las herramientas digitales, lo que nos permite asegurar la disposici\u00f3n permanente de la informaci\u00f3n.<\/p>\t\t\t\t\t\t\t\t<\/div>\n\t\t\t\t<\/div>\n\t\t\t\t<div class=\"elementor-element elementor-element-8ec8e33 elementor-widget elementor-widget-text-editor\" data-id=\"8ec8e33\" data-element_type=\"widget\" data-widget_type=\"text-editor.default\">\n\t\t\t\t<div class=\"elementor-widget-container\">\n\t\t\t\t\t\t\t\t\t<p>Por otro lado, siempre garantizamos nuestro trabajo, por ejemplo, si hay sanciones de entidades tributarias, nuestra compa\u00f1\u00eda responde, desde que las causas sean atribuibles a nuestro trabajo.<\/p>\t\t\t\t\t\t\t\t<\/div>\n\t\t\t\t<\/div>\n\t\t\t\t<div class=\"elementor-element elementor-element-09c327b elementor-widget elementor-widget-hb-button\" data-id=\"09c327b\" data-element_type=\"widget\" data-widget_type=\"hb-button.default\">\n\t\t\t\t<div class=\"elementor-widget-container\">\n\t\t\t\t\t<div class=\"anime anime-faderight\" data-anime=\"{&quot;type&quot;:&quot;single&quot;,&quot;loopStart&quot;:false,&quot;effect&quot;:&quot;fadeRight&quot;,&quot;delay&quot;:100,&quot;easing&quot;:&quot;&quot;,&quot;duration&quot;:&quot;&quot;}\">\n        <div class=\"-btn-wrap\">\n\n            <a href=\"https:\/\/wa.me\/573246464133\" class=\"-btn -btn--large -btn--primary -btn--hover-primary -btn--circle -icon-right\" target=\"_self\">\n\n                \n                                    <span>Quiero ser asesorado por DLA<\/span>\n                \n                <i class=\"-d-inline-flex -vertical-center -horizontal-center arrow_right\"><\/i>            <\/a>\n\n        <\/div>\n\n        <\/div>\t\t\t\t<\/div>\n\t\t\t\t<\/div>\n\t\t\t\t\t<\/div>\n\t\t<\/div>\n\t\t\t\t\t<\/div>\n\t\t<\/section>\n\t\t\t\t<section class=\"elementor-section elementor-top-section elementor-element elementor-element-5b9073b elementor-section-bootstrap elementor-reverse-tablet elementor-reverse-mobile elementor-section-height-default elementor-section-height-default\" data-id=\"5b9073b\" data-element_type=\"section\">\n\t\t\t\t\t\t<div class=\"elementor-container elementor-column-gap-bootstrap\">\n\t\t\t\t\t<div class=\"elementor-column elementor-col-50 elementor-top-column elementor-element elementor-element-4a89fdb\" data-id=\"4a89fdb\" data-element_type=\"column\">\n\t\t\t<div class=\"elementor-widget-wrap elementor-element-populated\">\n\t\t\t\t\t\t<div class=\"elementor-element elementor-element-b7d3254 elementor-widget__width-initial elementor-widget-tablet__width-inherit elementor-widget elementor-widget-hb-heading\" data-id=\"b7d3254\" data-element_type=\"widget\" data-widget_type=\"hb-heading.default\">\n\t\t\t\t<div class=\"elementor-widget-container\">\n\t\t\t\t\t<div class=\"anime anime-fadeup\" data-anime=\"{&quot;type&quot;:&quot;single&quot;,&quot;loopStart&quot;:false,&quot;effect&quot;:&quot;fadeUp&quot;,&quot;delay&quot;:50,&quot;easing&quot;:&quot;&quot;,&quot;duration&quot;:&quot;&quot;}\"><div class=\"hb-heading hb-heading-s1 -pos-relative -left\">\n\n    \n            <h3 class=\"hb-heading__sub-title c-primary -mb-15\">Nuestra experiencia<\/h3>\n    \n            <h2 class=\"hb-heading__title -mb-20\">Que nuestros n\u00fameros hablen por nosotros<\/h2>\n    \n    \n<\/div><\/div>\t\t\t\t<\/div>\n\t\t\t\t<\/div>\n\t\t\t\t<div class=\"elementor-element elementor-element-a50743b elementor-widget elementor-widget-text-editor\" data-id=\"a50743b\" data-element_type=\"widget\" data-widget_type=\"text-editor.default\">\n\t\t\t\t<div class=\"elementor-widget-container\">\n\t\t\t\t\t\t\t\t\t<p>Contamos con profesionales con m\u00e1s de <strong>12 a\u00f1os de experiencia<\/strong> en <strong>contabilidad<\/strong> en diferentes sectores de la econom\u00eda, adem\u00e1s de ser part\u00edcipes del crecimiento y reestructuraci\u00f3n de decenas de empresas en los componentes legal, financiero y de transformaci\u00f3n del negocio.<\/p><p>Adem\u00e1s, <strong>DLA tax + consulting<\/strong> es una firma filial de Finanzas Colombia SAS, entidad reconocida nacionalmente por sus marcas Insolvencia Colombia, IFI Inteligencia Financiera, Garant\u00edas Mobiliarias Colombia, Sucesiones Colombia, entre otras, esto nos da el <strong>respaldo<\/strong> de ofrecer a nuestros clientes soluciones <strong>completas e integrales<\/strong> para sus necesidades.<\/p>\t\t\t\t\t\t\t\t<\/div>\n\t\t\t\t<\/div>\n\t\t\t\t<div class=\"elementor-element elementor-element-731bc94 elementor-widget elementor-widget-heading\" data-id=\"731bc94\" data-element_type=\"widget\" data-widget_type=\"heading.default\">\n\t\t\t\t<div class=\"elementor-widget-container\">\n\t\t\t\t\t<h2 class=\"elementor-heading-title elementor-size-default\">Nuestros valores corporativos<\/h2>\t\t\t\t<\/div>\n\t\t\t\t<\/div>\n\t\t\t\t<section class=\"elementor-section elementor-inner-section elementor-element elementor-element-434bef5 elementor-section-boxed elementor-section-height-default elementor-section-height-default elementor-invisible\" data-id=\"434bef5\" data-element_type=\"section\" data-settings=\"{&quot;animation&quot;:&quot;fadeInUp&quot;}\">\n\t\t\t\t\t\t<div class=\"elementor-container elementor-column-gap-no\">\n\t\t\t\t\t<div class=\"elementor-column elementor-col-50 elementor-inner-column elementor-element elementor-element-5ccf1c8\" data-id=\"5ccf1c8\" data-element_type=\"column\">\n\t\t\t<div class=\"elementor-widget-wrap elementor-element-populated\">\n\t\t\t\t\t\t<div class=\"elementor-element elementor-element-7bda5cc elementor-icon-list--layout-traditional elementor-list-item-link-full_width elementor-widget elementor-widget-icon-list\" data-id=\"7bda5cc\" data-element_type=\"widget\" data-widget_type=\"icon-list.default\">\n\t\t\t\t<div class=\"elementor-widget-container\">\n\t\t\t\t\t\t\t<ul class=\"elementor-icon-list-items\">\n\t\t\t\t\t\t\t<li class=\"elementor-icon-list-item\">\n\t\t\t\t\t\t\t\t\t\t\t<span class=\"elementor-icon-list-icon\">\n\t\t\t\t\t\t\t<i aria-hidden=\"true\" class=\" arrow_triangle-right_alt\"><\/i>\t\t\t\t\t\t<\/span>\n\t\t\t\t\t\t\t\t\t\t<span class=\"elementor-icon-list-text\">Confianza<\/span>\n\t\t\t\t\t\t\t\t\t<\/li>\n\t\t\t\t\t\t\t\t<li class=\"elementor-icon-list-item\">\n\t\t\t\t\t\t\t\t\t\t\t<span class=\"elementor-icon-list-icon\">\n\t\t\t\t\t\t\t<i aria-hidden=\"true\" class=\" arrow_triangle-right_alt\"><\/i>\t\t\t\t\t\t<\/span>\n\t\t\t\t\t\t\t\t\t\t<span class=\"elementor-icon-list-text\">Lealtad corporativa<\/span>\n\t\t\t\t\t\t\t\t\t<\/li>\n\t\t\t\t\t\t\t\t<li class=\"elementor-icon-list-item\">\n\t\t\t\t\t\t\t\t\t\t\t<span class=\"elementor-icon-list-icon\">\n\t\t\t\t\t\t\t<i aria-hidden=\"true\" class=\" arrow_triangle-right_alt\"><\/i>\t\t\t\t\t\t<\/span>\n\t\t\t\t\t\t\t\t\t\t<span class=\"elementor-icon-list-text\">Responsabilidad<\/span>\n\t\t\t\t\t\t\t\t\t<\/li>\n\t\t\t\t\t\t<\/ul>\n\t\t\t\t\t\t<\/div>\n\t\t\t\t<\/div>\n\t\t\t\t\t<\/div>\n\t\t<\/div>\n\t\t\t\t<div class=\"elementor-column elementor-col-50 elementor-inner-column elementor-element elementor-element-8e20f55\" data-id=\"8e20f55\" data-element_type=\"column\">\n\t\t\t<div class=\"elementor-widget-wrap elementor-element-populated\">\n\t\t\t\t\t\t<div class=\"elementor-element elementor-element-a6a61aa elementor-icon-list--layout-traditional elementor-list-item-link-full_width elementor-widget elementor-widget-icon-list\" data-id=\"a6a61aa\" data-element_type=\"widget\" data-widget_type=\"icon-list.default\">\n\t\t\t\t<div class=\"elementor-widget-container\">\n\t\t\t\t\t\t\t<ul class=\"elementor-icon-list-items\">\n\t\t\t\t\t\t\t<li class=\"elementor-icon-list-item\">\n\t\t\t\t\t\t\t\t\t\t\t<span class=\"elementor-icon-list-icon\">\n\t\t\t\t\t\t\t<i aria-hidden=\"true\" class=\" arrow_triangle-right_alt\"><\/i>\t\t\t\t\t\t<\/span>\n\t\t\t\t\t\t\t\t\t\t<span class=\"elementor-icon-list-text\">Atenci\u00f3n al detalle<\/span>\n\t\t\t\t\t\t\t\t\t<\/li>\n\t\t\t\t\t\t\t\t<li class=\"elementor-icon-list-item\">\n\t\t\t\t\t\t\t\t\t\t\t<span class=\"elementor-icon-list-icon\">\n\t\t\t\t\t\t\t<i aria-hidden=\"true\" class=\" arrow_triangle-right_alt\"><\/i>\t\t\t\t\t\t<\/span>\n\t\t\t\t\t\t\t\t\t\t<span class=\"elementor-icon-list-text\">Enfoque en la Innovaci\u00f3n<\/span>\n\t\t\t\t\t\t\t\t\t<\/li>\n\t\t\t\t\t\t\t\t<li class=\"elementor-icon-list-item\">\n\t\t\t\t\t\t\t\t\t\t\t<span class=\"elementor-icon-list-icon\">\n\t\t\t\t\t\t\t<i aria-hidden=\"true\" class=\" arrow_triangle-right_alt\"><\/i>\t\t\t\t\t\t<\/span>\n\t\t\t\t\t\t\t\t\t\t<span class=\"elementor-icon-list-text\">Vanguardia de los desaf\u00edos locales y globales<\/span>\n\t\t\t\t\t\t\t\t\t<\/li>\n\t\t\t\t\t\t<\/ul>\n\t\t\t\t\t\t<\/div>\n\t\t\t\t<\/div>\n\t\t\t\t\t<\/div>\n\t\t<\/div>\n\t\t\t\t\t<\/div>\n\t\t<\/section>\n\t\t\t\t<div class=\"elementor-element elementor-element-3b0c302 elementor-widget elementor-widget-hb-button\" data-id=\"3b0c302\" data-element_type=\"widget\" data-widget_type=\"hb-button.default\">\n\t\t\t\t<div class=\"elementor-widget-container\">\n\t\t\t\t\t<div class=\"anime anime-fadeup\" data-anime=\"{&quot;type&quot;:&quot;single&quot;,&quot;loopStart&quot;:false,&quot;effect&quot;:&quot;fadeUp&quot;,&quot;delay&quot;:50,&quot;easing&quot;:&quot;&quot;,&quot;duration&quot;:&quot;&quot;}\">\n        <div class=\"-btn-wrap\">\n\n            <a href=\"https:\/\/wa.me\/573246464133\" class=\"-btn -btn--primary -btn--hover-primary -btn--circle -icon-right\" target=\"_self\">\n\n                \n                                    <span>Contacto<\/span>\n                \n                <i class=\"-d-inline-flex -vertical-center -horizontal-center arrow_right\"><\/i>            <\/a>\n\n        <\/div>\n\n        <\/div>\t\t\t\t<\/div>\n\t\t\t\t<\/div>\n\t\t\t\t\t<\/div>\n\t\t<\/div>\n\t\t\t\t<div class=\"elementor-column elementor-col-50 elementor-top-column elementor-element elementor-element-d49fb69\" data-id=\"d49fb69\" data-element_type=\"column\">\n\t\t\t<div class=\"elementor-widget-wrap elementor-element-populated\">\n\t\t\t\t\t\t<div class=\"elementor-element elementor-element-aed84c8 elementor-widget elementor-widget-hb-single-image\" data-id=\"aed84c8\" data-element_type=\"widget\" data-widget_type=\"hb-single-image.default\">\n\t\t\t\t<div class=\"elementor-widget-container\">\n\t\t\t\t\t<div class=\"anime anime-faderight\" data-anime=\"{&quot;type&quot;:&quot;single&quot;,&quot;loopStart&quot;:false,&quot;effect&quot;:&quot;fadeRight&quot;,&quot;delay&quot;:50,&quot;easing&quot;:&quot;&quot;,&quot;duration&quot;:&quot;&quot;}\"><a class=\"hb-image -d-block\"><img decoding=\"async\" width=\"2092\" height=\"2092\" src=\"https:\/\/i0.wp.com\/dlacontigo.com\/wp-content\/uploads\/2020\/12\/DLA-Consulting-Bullets-33.png?fit=2092%2C2092&amp;ssl=1\" class=\"attachment-full size-full wp-image-3408\" alt=\"\" srcset=\"https:\/\/i0.wp.com\/dlacontigo.com\/wp-content\/uploads\/2020\/12\/DLA-Consulting-Bullets-33.png?w=2092&amp;ssl=1 2092w, https:\/\/i0.wp.com\/dlacontigo.com\/wp-content\/uploads\/2020\/12\/DLA-Consulting-Bullets-33.png?resize=300%2C300&amp;ssl=1 300w, https:\/\/i0.wp.com\/dlacontigo.com\/wp-content\/uploads\/2020\/12\/DLA-Consulting-Bullets-33.png?resize=1024%2C1024&amp;ssl=1 1024w, https:\/\/i0.wp.com\/dlacontigo.com\/wp-content\/uploads\/2020\/12\/DLA-Consulting-Bullets-33.png?resize=150%2C150&amp;ssl=1 150w, https:\/\/i0.wp.com\/dlacontigo.com\/wp-content\/uploads\/2020\/12\/DLA-Consulting-Bullets-33.png?resize=1536%2C1536&amp;ssl=1 1536w, https:\/\/i0.wp.com\/dlacontigo.com\/wp-content\/uploads\/2020\/12\/DLA-Consulting-Bullets-33.png?resize=2048%2C2048&amp;ssl=1 2048w\" sizes=\"(max-width: 1920px) 100vw, 1920px\" \/><\/a><\/div>\t\t\t\t<\/div>\n\t\t\t\t<\/div>\n\t\t\t\t\t<\/div>\n\t\t<\/div>\n\t\t\t\t\t<\/div>\n\t\t<\/section>\n\t\t\t\t<\/div>\n\t\t","protected":false},"excerpt":{"rendered":"<p>Sobre nosotros Misi\u00f3n En DLA TAX + CONSULTING: Ofrecemos asesor\u00eda integral en temas contables, administrativos, tributarios, financieros, de optimizaci\u00f3n de negocios, etc., para que nuestros clientes logren mejores resultados. Nos interesa que nuestro cliente entienda sus finanzas y tome decisiones basadas en indicadores. Nos sentamos con el cliente identificamos puntos cr\u00edticos d\u00f3nde podamos trabajar y <a href=\"https:\/\/dlacontigo.com\/?page_id=2351\" class=\"more-link\">&#8230;<\/a><\/p>\n","protected":false},"author":1,"featured_media":0,"parent":0,"menu_order":0,"comment_status":"closed","ping_status":"closed","template":"templates\/page-elementor.php","meta":{"om_disable_all_campaigns":false,"_monsterinsights_skip_tracking":false,"_monsterinsights_sitenote_active":false,"_monsterinsights_sitenote_note":"","_monsterinsights_sitenote_category":0,"footnotes":""},"class_list":["post-2351","page","type-page","status-publish","hentry"],"aioseo_notices":[],"jetpack_sharing_enabled":true,"_links":{"self":[{"href":"https:\/\/dlacontigo.com\/index.php?rest_route=\/wp\/v2\/pages\/2351","targetHints":{"allow":["GET"]}}],"collection":[{"href":"https:\/\/dlacontigo.com\/index.php?rest_route=\/wp\/v2\/pages"}],"about":[{"href":"https:\/\/dlacontigo.com\/index.php?rest_route=\/wp\/v2\/types\/page"}],"author":[{"embeddable":true,"href":"https:\/\/dlacontigo.com\/index.php?rest_route=\/wp\/v2\/users\/1"}],"replies":[{"embeddable":true,"href":"https:\/\/dlacontigo.com\/index.php?rest_route=%2Fwp%2Fv2%2Fcomments&post=2351"}],"version-history":[{"count":5,"href":"https:\/\/dlacontigo.com\/index.php?rest_route=\/wp\/v2\/pages\/2351\/revisions"}],"predecessor-version":[{"id":3752,"href":"https:\/\/dlacontigo.com\/index.php?rest_route=\/wp\/v2\/pages\/2351\/revisions\/3752"}],"wp:attachment":[{"href":"https:\/\/dlacontigo.com\/index.php?rest_route=%2Fwp%2Fv2%2Fmedia&parent=2351"}],"curies":[{"name":"wp","href":"https:\/\/api.w.org\/{rel}","templated":true}]}}